{"id":30329,"date":"2025-10-15T11:53:30","date_gmt":"2025-10-15T09:53:30","guid":{"rendered":"https:\/\/emilianaparati.com\/carte-da-parati\/db-style\/"},"modified":"2026-01-19T15:10:04","modified_gmt":"2026-01-19T14:10:04","slug":"db-style","status":"publish","type":"page","link":"https:\/\/emilianaparati.com\/es\/papel-pintado\/db-style\/","title":{"rendered":"DB Style"},"content":{"rendered":"\t\t<div data-elementor-type=\"wp-page\" data-elementor-id=\"30329\" class=\"elementor elementor-30329 elementor-13979\">\n\t\t\t\t<div class=\"elementor-element elementor-element-fce7f02 e-flex e-con-boxed e-con e-parent\" data-id=\"fce7f02\" data-element_type=\"container\" data-e-type=\"container\">\n\t\t\t\t\t<div class=\"e-con-inner\">\n\t\t<div class=\"elementor-element elementor-element-0081d22 e-con-full e-flex e-con e-child\" data-id=\"0081d22\" data-element_type=\"container\" data-e-type=\"container\" data-settings=\"{&quot;background_background&quot;:&quot;classic&quot;}\">\n\t\t\t\t<div class=\"elementor-element elementor-element-5ed737e elementor-widget elementor-widget-ld_breadcrumb\" data-id=\"5ed737e\" data-element_type=\"widget\" data-e-type=\"widget\" data-widget_type=\"ld_breadcrumb.default\">\n\t\t\t\t<div class=\"elementor-widget-container\">\n\t\t\t\t\t<div class=\"lqd-breadcrumb-wrapper\"><nav role=\"navigation\" aria-label=\"Breadcrumbs\" class=\"breadcrumbs\"><ol class=\"breadcrumb reset-ul inline-nav inline-ul comma-sep-li\"><li class=\"breadcrumb-item active\"><a href=\"https:\/\/emilianaparati.com\/es\/\" rel=\"home\"><span>Home<\/span><\/a><\/li><\/ol><\/nav><\/div>\t\t\t\t<\/div>\n\t\t\t\t<\/div>\n\t\t\t\t<div class=\"elementor-element elementor-element-350c62b elementor-widget__width-initial elementor-widget elementor-widget-hub_fancy_heading\" data-id=\"350c62b\" data-element_type=\"widget\" data-e-type=\"widget\" data-widget_type=\"hub_fancy_heading.default\">\n\t\t\t\t<div class=\"elementor-widget-container\">\n\t\t\t\t\t\n\t\t<div id=\"ld-fancy-heading-69e8c233e7a96\" class=\"ld-fancy-heading pos-rel\">\n\t\t\t<h2 class=\"ld-fh-element d-inline-block pos-rel  elementor-heading-title lqd-highlight-classic lqd-highlight-grow-left h2\"  > DB Style<\/h2>\t\t<\/div>\n\n\t\t\t\t\t\t<\/div>\n\t\t\t\t<\/div>\n\t\t\t\t<\/div>\n\t\t\t\t\t<\/div>\n\t\t\t\t<\/div>\n\t\t<div data-section-luminosity=\"dark\" class=\"elementor-element elementor-element-47382d8 e-flex e-con-boxed e-con e-child\" data-id=\"47382d8\" data-element_type=\"container\" data-e-type=\"container\">\n\t\t\t\t\t<div class=\"e-con-inner\">\n\t\t<div class=\"elementor-element elementor-element-b621765 e-con-full e-flex e-con e-child\" data-id=\"b621765\" data-element_type=\"container\" data-e-type=\"container\">\n\t\t\t\t<div class=\"elementor-element elementor-element-88544a0 elementor-widget__width-inherit elementor-widget elementor-widget-html\" data-id=\"88544a0\" data-element_type=\"widget\" data-e-type=\"widget\" data-widget_type=\"html.default\">\n\t\t\t\t\t<iframe width=\"100%\" height=\"100%\" src=\"https:\/\/www.youtube.com\/embed\/z-z3NhQfCt4?si=dtUa8HuLG-NSrJWS\" title=\"YouTube video player\" frameborder=\"0\" allow=\"accelerometer; autoplay; clipboard-write; encrypted-media; gyroscope; picture-in-picture; web-share\" referrerpolicy=\"strict-origin-when-cross-origin\" allowfullscreen><\/iframe>\t\t\t\t<\/div>\n\t\t\t\t<\/div>\n\t\t<div class=\"elementor-element elementor-element-b49d4c5 e-con-full e-flex e-con e-child\" data-id=\"b49d4c5\" data-element_type=\"container\" data-e-type=\"container\">\n\t\t\t\t<div class=\"elementor-element elementor-element-fcd1d2c elementor-widget elementor-widget-hub_fancy_heading\" data-id=\"fcd1d2c\" data-element_type=\"widget\" data-e-type=\"widget\" data-widget_type=\"hub_fancy_heading.default\">\n\t\t\t\t<div class=\"elementor-widget-container\">\n\t\t\t\t\t\n\t\t<div id=\"ld-fancy-heading-69e8c233e8929\" class=\"ld-fancy-heading pos-rel\">\n\t\t\t<h2 class=\"ld-fh-element d-inline-block pos-rel  elementor-heading-title lqd-highlight-classic lqd-highlight-grow-left h2\"  > <span class=\"alegra rosso-parati\">Viajar<\/span> con la mirada: papel pintado para racontar el mundo<\/h2>\t\t<\/div>\n\n\t\t\t\t\t\t<\/div>\n\t\t\t\t<\/div>\n\t\t\t\t<div class=\"elementor-element elementor-element-401d861 elementor-widget elementor-widget-text-editor\" data-id=\"401d861\" data-element_type=\"widget\" data-e-type=\"widget\" data-widget_type=\"text-editor.default\">\n\t\t\t\t\t\t\t\t\t<p>Con <strong>DB Style<\/strong>, trasladamos nuestra pasi\u00f3n por la evocaci\u00f3n visual y el encanto de viajar a las superficies murales. Las colecciones DB Style est\u00e1n dise\u00f1adas para quienes desean transformar espacios con atm\u00f3sferas evocadoras, sugerencias geogr\u00e1ficas y escenarios que estimulen la imaginaci\u00f3n.<\/p>\t\t\t\t\t\t\t\t<\/div>\n\t\t\t\t<div class=\"elementor-element elementor-element-40d1916 link-hover elementor-widget elementor-widget-html\" data-id=\"40d1916\" data-element_type=\"widget\" data-e-type=\"widget\" data-widget_type=\"html.default\">\n\t\t\t\t\t<a class=\"alegra centrato link link--arrowed\" href=\"\/es\/papel-pintado\/db-style\/voyage\">Descubre Voyage: la colecci\u00f3n firmada por DB Style\r\n    <svg class=\"arrow-icon\" xmlns=\"http:\/\/www.w3.org\/2000\/svg\" width=\"32\" height=\"32\" viewBox=\"0 0 32 32\">\r\n      <g fill=\"none\" stroke=\"#656565\" stroke-width=\"1.5\" stroke-linejoin=\"round\" stroke-miterlimit=\"10\">\r\n        <circle class=\"arrow-icon--circle\" cx=\"16\" cy=\"16\" r=\"15.12\"><\/circle>\r\n        <path class=\"arrow-icon--arrow\" d=\"M16.14 9.93L22.21 16l-6.07 6.07M8.23 16h13.98\"><\/path>\r\n      <\/g>\r\n    <\/svg><\/a>\t\t\t\t<\/div>\n\t\t\t\t<\/div>\n\t\t\t\t\t<\/div>\n\t\t\t\t<\/div>\n\t\t<div class=\"elementor-element elementor-element-91c7c28 e-flex e-con-boxed e-con e-parent\" data-id=\"91c7c28\" data-element_type=\"container\" data-e-type=\"container\">\n\t\t\t\t\t<div class=\"e-con-inner\">\n\t\t<div class=\"elementor-element elementor-element-7aecf61 e-con-full e-flex e-con e-child\" data-id=\"7aecf61\" data-element_type=\"container\" data-e-type=\"container\" data-settings=\"{&quot;background_background&quot;:&quot;classic&quot;}\">\n\t\t<div class=\"elementor-element elementor-element-56f5ce1 e-con-full e-flex e-con e-child\" data-id=\"56f5ce1\" data-element_type=\"container\" data-e-type=\"container\">\n\t\t\t\t<div class=\"elementor-element elementor-element-fa6980d elementor-widget elementor-widget-hub_fancy_heading\" data-id=\"fa6980d\" data-element_type=\"widget\" data-e-type=\"widget\" data-widget_type=\"hub_fancy_heading.default\">\n\t\t\t\t<div class=\"elementor-widget-container\">\n\t\t\t\t\t\n\t\t<div id=\"ld-fancy-heading-69e8c233ec655\" class=\"ld-fancy-heading pos-rel\">\n\t\t\t<h3 class=\"ld-fh-element d-inline-block pos-rel  elementor-heading-title lqd-highlight-classic lqd-highlight-grow-left h3\"  > Los <span class=\"alegra rosso-parati\">elementos distintivos<\/span> de las colecciones DB Style<\/h3>\t\t<\/div>\n\n\t\t\t\t\t\t<\/div>\n\t\t\t\t<\/div>\n\t\t\t\t<\/div>\n\t\t<div class=\"elementor-element elementor-element-9b26221 e-con-full e-flex e-con e-child\" data-id=\"9b26221\" data-element_type=\"container\" data-e-type=\"container\">\n\t\t\t\t<div class=\"elementor-element elementor-element-be4bfe7 elementor-widget elementor-widget-hub_fancy_heading\" data-id=\"be4bfe7\" data-element_type=\"widget\" data-e-type=\"widget\" data-widget_type=\"hub_fancy_heading.default\">\n\t\t\t\t<div class=\"elementor-widget-container\">\n\t\t\t\t\t\n\t\t<div id=\"ld-fancy-heading-69e8c233ed218\" class=\"ld-fancy-heading pos-rel\">\n\t\t\t<h4 class=\"ld-fh-element d-inline-block pos-rel  elementor-heading-title lqd-highlight-classic lqd-highlight-grow-left h4\"  > Atm\u00f3sferas narrativas<\/h4>\t\t<\/div>\n\n\t\t\t\t\t\t<\/div>\n\t\t\t\t<\/div>\n\t\t\t\t<div class=\"elementor-element elementor-element-bf7d5cf elementor-widget elementor-widget-hub_fancy_heading\" data-id=\"bf7d5cf\" data-element_type=\"widget\" data-e-type=\"widget\" data-widget_type=\"hub_fancy_heading.default\">\n\t\t\t\t<div class=\"elementor-widget-container\">\n\t\t\t\t\t\n\t\t<div id=\"ld-fancy-heading-69e8c233edccc\" class=\"ld-fancy-heading pos-rel\">\n\t\t\t<p class=\"ld-fh-element d-inline-block pos-rel  lqd-highlight-classic lqd-highlight-grow-left p\"  > Cada motivo es una historia: paisajes estilizados, texturas que evocan mapas, oriente y naturalezas ex\u00f3ticas.<\/p>\t\t<\/div>\n\n\t\t\t\t\t\t<\/div>\n\t\t\t\t<\/div>\n\t\t\t\t<\/div>\n\t\t<div class=\"elementor-element elementor-element-64d4a9a e-con-full e-flex e-con e-child\" data-id=\"64d4a9a\" data-element_type=\"container\" data-e-type=\"container\">\n\t\t\t\t<div class=\"elementor-element elementor-element-cb01ff4 elementor-widget elementor-widget-hub_fancy_heading\" data-id=\"cb01ff4\" data-element_type=\"widget\" data-e-type=\"widget\" data-widget_type=\"hub_fancy_heading.default\">\n\t\t\t\t<div class=\"elementor-widget-container\">\n\t\t\t\t\t\n\t\t<div id=\"ld-fancy-heading-69e8c233ee904\" class=\"ld-fancy-heading pos-rel\">\n\t\t\t<h4 class=\"ld-fh-element d-inline-block pos-rel  elementor-heading-title lqd-highlight-classic lqd-highlight-grow-left h4\"  > Equilibrio compositivo<\/h4>\t\t<\/div>\n\n\t\t\t\t\t\t<\/div>\n\t\t\t\t<\/div>\n\t\t\t\t<div class=\"elementor-element elementor-element-eda17c8 elementor-widget elementor-widget-hub_fancy_heading\" data-id=\"eda17c8\" data-element_type=\"widget\" data-e-type=\"widget\" data-widget_type=\"hub_fancy_heading.default\">\n\t\t\t\t<div class=\"elementor-widget-container\">\n\t\t\t\t\t\n\t\t<div id=\"ld-fancy-heading-69e8c233ef3cb\" class=\"ld-fancy-heading pos-rel\">\n\t\t\t<p class=\"ld-fh-element d-inline-block pos-rel  lqd-highlight-classic lqd-highlight-grow-left p\"  > Equilibrio entre elementos decorativos y armon\u00eda visual, para que el papel interact\u00fae con el entorno sin dominarlo.<\/p>\t\t<\/div>\n\n\t\t\t\t\t\t<\/div>\n\t\t\t\t<\/div>\n\t\t\t\t<\/div>\n\t\t<div class=\"elementor-element elementor-element-8c5cef1 e-con-full e-flex e-con e-child\" data-id=\"8c5cef1\" data-element_type=\"container\" data-e-type=\"container\">\n\t\t\t\t<div class=\"elementor-element elementor-element-159b2ce elementor-widget elementor-widget-hub_fancy_heading\" data-id=\"159b2ce\" data-element_type=\"widget\" data-e-type=\"widget\" data-widget_type=\"hub_fancy_heading.default\">\n\t\t\t\t<div class=\"elementor-widget-container\">\n\t\t\t\t\t\n\t\t<div id=\"ld-fancy-heading-69e8c233efe4f\" class=\"ld-fancy-heading pos-rel\">\n\t\t\t<h4 class=\"ld-fh-element d-inline-block pos-rel  elementor-heading-title lqd-highlight-classic lqd-highlight-grow-left h4\"  > Materialidad controlada<\/h4>\t\t<\/div>\n\n\t\t\t\t\t\t<\/div>\n\t\t\t\t<\/div>\n\t\t\t\t<div class=\"elementor-element elementor-element-45100fb elementor-widget elementor-widget-hub_fancy_heading\" data-id=\"45100fb\" data-element_type=\"widget\" data-e-type=\"widget\" data-widget_type=\"hub_fancy_heading.default\">\n\t\t\t\t<div class=\"elementor-widget-container\">\n\t\t\t\t\t\n\t\t<div id=\"ld-fancy-heading-69e8c233f0939\" class=\"ld-fancy-heading pos-rel\">\n\t\t\t<p class=\"ld-fh-element d-inline-block pos-rel  lqd-highlight-classic lqd-highlight-grow-left p\"  > Superficies con texturas delicadas, acabados mates o con brillos ligeros, capaces de dar profundidad sin excesos.<\/p>\t\t<\/div>\n\n\t\t\t\t\t\t<\/div>\n\t\t\t\t<\/div>\n\t\t\t\t<\/div>\n\t\t\t\t<\/div>\n\t\t\t\t\t<\/div>\n\t\t\t\t<\/div>\n\t\t<div data-section-luminosity=\"dark\" class=\"elementor-element elementor-element-ec5db89 e-flex e-con-boxed e-con e-child\" data-id=\"ec5db89\" data-element_type=\"container\" data-e-type=\"container\">\n\t\t\t\t\t<div class=\"e-con-inner\">\n\t\t<div class=\"elementor-element elementor-element-1de65af e-con-full e-flex e-con e-child\" data-id=\"1de65af\" data-element_type=\"container\" data-e-type=\"container\">\n\t\t\t\t<div class=\"elementor-element elementor-element-c5cc1c5 elementor-widget elementor-widget-hub_fancy_heading\" data-id=\"c5cc1c5\" data-element_type=\"widget\" data-e-type=\"widget\" data-widget_type=\"hub_fancy_heading.default\">\n\t\t\t\t<div class=\"elementor-widget-container\">\n\t\t\t\t\t\n\t\t<div id=\"ld-fancy-heading-69e8c233f1424\" class=\"ld-fancy-heading pos-rel\">\n\t\t\t<h2 class=\"ld-fh-element d-inline-block pos-rel  elementor-heading-title lqd-highlight-classic lqd-highlight-grow-left h2\"  > Designer: Debora Benvenuti<\/h2>\t\t<\/div>\n\n\t\t\t\t\t\t<\/div>\n\t\t\t\t<\/div>\n\t\t\t\t<div class=\"elementor-element elementor-element-ab3966e elementor-widget elementor-widget-text-editor\" data-id=\"ab3966e\" data-element_type=\"widget\" data-e-type=\"widget\" data-widget_type=\"text-editor.default\">\n\t\t\t\t\t\t\t\t\t<p><strong>DB Style<\/strong> ha nacido de nuestra directora art\u00edstica, <strong>Debora Benvenuti<\/strong>.<\/p><p>Su direcci\u00f3n creativa gu\u00eda cada colecci\u00f3n con sensibilidad art\u00edstica, atenci\u00f3n al detalle y la capacidad de interpretar las tendencias internacionales del dise\u00f1o de interiores.<\/p><p>A trav\u00e9s de su visi\u00f3n, transformamos viajes, inspiraciones e influencias culturales en <strong>decoraciones que dotan de personalidad y elegancia a los espacios<\/strong>.<\/p>\t\t\t\t\t\t\t\t<\/div>\n\t\t\t\t<div class=\"elementor-element elementor-element-c9d7391 link-hover elementor-widget elementor-widget-html\" data-id=\"c9d7391\" data-element_type=\"widget\" data-e-type=\"widget\" data-widget_type=\"html.default\">\n\t\t\t\t\t<a class=\"alegra centrato link link--arrowed\" href=\"\/es\/papel-pintado\/db-style\/voyage\">Descubre Voyage: la colecci\u00f3n firmada por DB Style\r\n    <svg class=\"arrow-icon\" xmlns=\"http:\/\/www.w3.org\/2000\/svg\" width=\"32\" height=\"32\" viewBox=\"0 0 32 32\">\r\n      <g fill=\"none\" stroke=\"#656565\" stroke-width=\"1.5\" stroke-linejoin=\"round\" stroke-miterlimit=\"10\">\r\n        <circle class=\"arrow-icon--circle\" cx=\"16\" cy=\"16\" r=\"15.12\"><\/circle>\r\n        <path class=\"arrow-icon--arrow\" d=\"M16.14 9.93L22.21 16l-6.07 6.07M8.23 16h13.98\"><\/path>\r\n      <\/g>\r\n    <\/svg><\/a>\t\t\t\t<\/div>\n\t\t\t\t<\/div>\n\t\t<div class=\"elementor-element elementor-element-9578b68 e-con-full e-flex e-con e-child\" data-id=\"9578b68\" data-element_type=\"container\" data-e-type=\"container\">\n\t\t\t\t<div class=\"elementor-element elementor-element-de1c5be elementor-widget elementor-widget-ld_fancy_image\" data-id=\"de1c5be\" data-element_type=\"widget\" data-e-type=\"widget\" data-widget_type=\"ld_fancy_image.default\">\n\t\t\t\t<div class=\"elementor-widget-container\">\n\t\t\t\t\t\n\t\t<div class=\"lqd-imggrp-single d-block pos-rel \">\n\t\t\t<div class=\"lqd-imggrp-img-container d-inline-flex pos-rel align-items-center justify-content-center \">\n\t\t\t\t\t\t\t\t<figure class=\"w-100 pos-rel\">\n\t\t\t\t\t<img fetchpriority=\"high\" decoding=\"async\" width=\"1344\" height=\"911\" src=\"https:\/\/emilianaparati.com\/wp-content\/uploads\/2025\/10\/Progetto-senza-titolo-5.jpg\" class=\"attachment-full size-full wp-image-27335\" alt=\"\" srcset=\"https:\/\/emilianaparati.com\/wp-content\/uploads\/2025\/10\/Progetto-senza-titolo-5.jpg 1344w, https:\/\/emilianaparati.com\/wp-content\/uploads\/2025\/10\/Progetto-senza-titolo-5-300x203.jpg 300w, https:\/\/emilianaparati.com\/wp-content\/uploads\/2025\/10\/Progetto-senza-titolo-5-1024x694.jpg 1024w\" sizes=\"(max-width: 1344px) 100vw, 1344px\" data-attachment-id=\"27335\" data-permalink=\"https:\/\/emilianaparati.com\/carte-da-parati\/db-style\/attachment\/progetto-senza-titolo-5\/\" data-orig-file=\"https:\/\/emilianaparati.com\/wp-content\/uploads\/2025\/10\/Progetto-senza-titolo-5.jpg\" data-orig-size=\"1344,911\" data-comments-opened=\"1\" data-image-meta=\"{&quot;aperture&quot;:&quot;0&quot;,&quot;credit&quot;:&quot;&quot;,&quot;camera&quot;:&quot;&quot;,&quot;caption&quot;:&quot;&quot;,&quot;created_timestamp&quot;:&quot;0&quot;,&quot;copyright&quot;:&quot;&quot;,&quot;focal_length&quot;:&quot;0&quot;,&quot;iso&quot;:&quot;0&quot;,&quot;shutter_speed&quot;:&quot;0&quot;,&quot;title&quot;:&quot;&quot;,&quot;orientation&quot;:&quot;1&quot;}\" data-image-title=\"Debora Benvenuti\" data-image-description=\"\" data-image-caption=\"\" data-large-file=\"https:\/\/emilianaparati.com\/wp-content\/uploads\/2025\/10\/Progetto-senza-titolo-5-1024x694.jpg\" itemprop=\"image\">\t\t\t\t\t\t\t\t\t\t\t\t\t\t\t\t\t\t\t\t\t\t\t\t\t\t\t\t\t<\/figure>\n\t\t\t<\/div>\n\t\t<\/div>\n\n\t\t\t\t\t<\/div>\n\t\t\t\t<\/div>\n\t\t\t\t<\/div>\n\t\t\t\t\t<\/div>\n\t\t\t\t<\/div>\n\t\t<div class=\"elementor-element elementor-element-309d494 e-con-full e-flex e-con e-parent\" data-id=\"309d494\" data-element_type=\"container\" data-e-type=\"container\">\n\t\t<div class=\"elementor-element elementor-element-ecb3cac e-con-full e-flex e-con e-child\" data-id=\"ecb3cac\" data-element_type=\"container\" data-e-type=\"container\" data-settings=\"{&quot;background_background&quot;:&quot;classic&quot;}\">\n\t\t\t\t<div class=\"elementor-element elementor-element-56e9541 elementor-widget__width-initial elementor-widget-tablet__width-inherit elementor-widget elementor-widget-hub_fancy_heading\" data-id=\"56e9541\" data-element_type=\"widget\" data-e-type=\"widget\" data-widget_type=\"hub_fancy_heading.default\">\n\t\t\t\t<div class=\"elementor-widget-container\">\n\t\t\t\t\t\n\t\t<div id=\"ld-fancy-heading-69e8c23402dfb\" class=\"ld-fancy-heading pos-rel\">\n\t\t\t<h2 class=\"ld-fh-element d-inline-block pos-rel  elementor-heading-title lqd-highlight-classic lqd-highlight-grow-left h2\"  > Lleva peque\u00f1os rincones del mundo a las m\u00e1s bonitas paredes de las habitaciones de hotel con DB Style.<\/h2>\t\t<\/div>\n\n\t\t\t\t\t\t<\/div>\n\t\t\t\t<\/div>\n\t\t\t\t<div class=\"elementor-element elementor-element-de30d91 link-hover elementor-widget elementor-widget-html\" data-id=\"de30d91\" data-element_type=\"widget\" data-e-type=\"widget\" data-widget_type=\"html.default\">\n\t\t\t\t\t<a class=\"bianco alegra link link--arrowed\" href=\"\/es\/hazte-partner\/\">Distribuye productos Emiliana Parati\r\n    <svg class=\"arrow-icon\" xmlns=\"http:\/\/www.w3.org\/2000\/svg\" width=\"32\" height=\"32\" viewBox=\"0 0 32 32\">\r\n      <g fill=\"none\" stroke=\"#656565\" stroke-width=\"1.5\" stroke-linejoin=\"round\" stroke-miterlimit=\"10\">\r\n        <circle class=\"arrow-icon--circle\" cx=\"16\" cy=\"16\" r=\"15.12\"><\/circle>\r\n        <path class=\"arrow-icon--arrow\" d=\"M16.14 9.93L22.21 16l-6.07 6.07M8.23 16h13.98\"><\/path>\r\n      <\/g>\r\n    <\/svg><\/a>\t\t\t\t<\/div>\n\t\t\t\t<\/div>\n\t\t\t\t<\/div>\n\t\t\t\t<\/div>\n\t\t","protected":false},"excerpt":{"rendered":"<p>Home DB Style Viajar con la mirada: papel pintado para racontar el mundo Con DB Style, trasladamos nuestra pasi\u00f3n por la evocaci\u00f3n visual y el encanto de viajar a las superficies murales. Las colecciones DB Style est\u00e1n dise\u00f1adas para quienes desean transformar espacios con atm\u00f3sferas evocadoras, sugerencias geogr\u00e1ficas y escenarios que estimulen la imaginaci\u00f3n. Descubre [&hellip;]<\/p>\n","protected":false},"author":1,"featured_media":0,"parent":30323,"menu_order":0,"comment_status":"closed","ping_status":"closed","template":"","meta":{"jetpack_post_was_ever_published":false,"footnotes":""},"class_list":["post-30329","page","type-page","status-publish","hentry"],"jetpack_sharing_enabled":true,"_links":{"self":[{"href":"https:\/\/emilianaparati.com\/es\/wp-json\/wp\/v2\/pages\/30329","targetHints":{"allow":["GET"]}}],"collection":[{"href":"https:\/\/emilianaparati.com\/es\/wp-json\/wp\/v2\/pages"}],"about":[{"href":"https:\/\/emilianaparati.com\/es\/wp-json\/wp\/v2\/types\/page"}],"author":[{"embeddable":true,"href":"https:\/\/emilianaparati.com\/es\/wp-json\/wp\/v2\/users\/1"}],"replies":[{"embeddable":true,"href":"https:\/\/emilianaparati.com\/es\/wp-json\/wp\/v2\/comments?post=30329"}],"version-history":[{"count":0,"href":"https:\/\/emilianaparati.com\/es\/wp-json\/wp\/v2\/pages\/30329\/revisions"}],"up":[{"embeddable":true,"href":"https:\/\/emilianaparati.com\/es\/wp-json\/wp\/v2\/pages\/30323"}],"wp:attachment":[{"href":"https:\/\/emilianaparati.com\/es\/wp-json\/wp\/v2\/media?parent=30329"}],"curies":[{"name":"wp","href":"https:\/\/api.w.org\/{rel}","templated":true}]}}