{"id":30342,"date":"2025-10-14T12:07:00","date_gmt":"2025-10-14T10:07:00","guid":{"rendered":"https:\/\/emilianaparati.com\/certificazioni\/"},"modified":"2026-02-26T11:04:11","modified_gmt":"2026-02-26T10:04:11","slug":"certificaciones","status":"publish","type":"page","link":"https:\/\/emilianaparati.com\/es\/certificaciones\/","title":{"rendered":"Certificaciones"},"content":{"rendered":"\t\t<div data-elementor-type=\"wp-page\" data-elementor-id=\"30342\" class=\"elementor elementor-30342 elementor-13864\">\n\t\t\t\t<div class=\"elementor-element elementor-element-fce7f02 e-flex e-con-boxed e-con e-parent\" data-id=\"fce7f02\" data-element_type=\"container\" data-e-type=\"container\">\n\t\t\t\t\t<div class=\"e-con-inner\">\n\t\t<div class=\"elementor-element elementor-element-0081d22 e-con-full e-flex e-con e-child\" data-id=\"0081d22\" data-element_type=\"container\" data-e-type=\"container\" data-settings=\"{&quot;background_background&quot;:&quot;classic&quot;}\">\n\t\t\t\t<div class=\"elementor-element elementor-element-5ed737e elementor-widget elementor-widget-ld_breadcrumb\" data-id=\"5ed737e\" data-element_type=\"widget\" data-e-type=\"widget\" data-widget_type=\"ld_breadcrumb.default\">\n\t\t\t\t<div class=\"elementor-widget-container\">\n\t\t\t\t\t<div class=\"lqd-breadcrumb-wrapper\"><nav role=\"navigation\" aria-label=\"Breadcrumbs\" class=\"breadcrumbs\"><ol class=\"breadcrumb reset-ul inline-nav inline-ul comma-sep-li\"><li class=\"breadcrumb-item active\"><a href=\"https:\/\/emilianaparati.com\/es\/\" rel=\"home\"><span>Home<\/span><\/a><\/li><\/ol><\/nav><\/div>\t\t\t\t<\/div>\n\t\t\t\t<\/div>\n\t\t\t\t<div class=\"elementor-element elementor-element-350c62b elementor-widget__width-initial elementor-widget elementor-widget-hub_fancy_heading\" data-id=\"350c62b\" data-element_type=\"widget\" data-e-type=\"widget\" data-widget_type=\"hub_fancy_heading.default\">\n\t\t\t\t<div class=\"elementor-widget-container\">\n\t\t\t\t\t\n\t\t<div id=\"ld-fancy-heading-69e8c1e672f48\" class=\"ld-fancy-heading pos-rel\">\n\t\t\t<h2 class=\"ld-fh-element d-inline-block pos-rel  elementor-heading-title lqd-highlight-classic lqd-highlight-grow-left h2\"  > Certificaciones de papel pintado de Industrie Emiliana Parati<\/h2>\t\t<\/div>\n\n\t\t\t\t\t\t<\/div>\n\t\t\t\t<\/div>\n\t\t\t\t<\/div>\n\t\t\t\t\t<\/div>\n\t\t\t\t<\/div>\n\t\t<div class=\"elementor-element elementor-element-165e0df e-flex e-con-boxed e-con e-child\" data-id=\"165e0df\" data-element_type=\"container\" data-e-type=\"container\">\n\t\t\t\t\t<div class=\"e-con-inner\">\n\t\t<div class=\"elementor-element elementor-element-c6c5e04 e-con-full e-flex e-con e-child\" data-id=\"c6c5e04\" data-element_type=\"container\" data-e-type=\"container\">\n\t\t\t\t<div class=\"elementor-element elementor-element-700ff47 elementor-widget elementor-widget-hub_fancy_heading\" data-id=\"700ff47\" data-element_type=\"widget\" data-e-type=\"widget\" data-widget_type=\"hub_fancy_heading.default\">\n\t\t\t\t<div class=\"elementor-widget-container\">\n\t\t\t\t\t\n\t\t<div id=\"ld-fancy-heading-69e8c1e673d19\" class=\"ld-fancy-heading pos-rel\">\n\t\t\t<h2 class=\"ld-fh-element d-inline-block pos-rel  elementor-heading-title lqd-highlight-classic lqd-highlight-grow-left h2\"  > La seguridad de los <span class=\"alegra rosso-parati\">materiales<\/span>, reconocida en todo el mundo<\/h2>\t\t<\/div>\n\n\t\t\t\t\t\t<\/div>\n\t\t\t\t<\/div>\n\t\t\t\t<div class=\"elementor-element elementor-element-040446e elementor-widget__width-initial elementor-widget elementor-widget-hub_fancy_heading\" data-id=\"040446e\" data-element_type=\"widget\" data-e-type=\"widget\" data-widget_type=\"hub_fancy_heading.default\">\n\t\t\t\t<div class=\"elementor-widget-container\">\n\t\t\t\t\t\n\t\t<div id=\"ld-fancy-heading-69e8c1e674a2d\" class=\"ld-fancy-heading pos-rel\">\n\t\t\t<p class=\"ld-fh-element d-inline-block pos-rel  lqd-highlight-classic lqd-highlight-grow-left p\"  > Todos los productos est\u00e1n <b>certificados CE<\/b> en cumplimiento de la Dir. 89\/106\/CE siguiendo la norma de referencia EN 15102\/2007; est\u00e1n <b>cualificados como \"A+\"<\/b> en relaci\u00f3n con la normativa francesa que regula <b>los COV sobre las emisiones en ambientes<\/b> y respetan las prescripciones de la <b>normativa rusa GOST<\/b>.<br><br>\nNuestra empresa opera respetando el medio ambiente, privilegiando el empleo de materiales no contaminantes y no nocivos para la salud humana, tales como (a t\u00edtulo de ejemplo) tintas a base de agua, tanto para impresi\u00f3n rotograbado como para impresi\u00f3n digital.\nNuestra empresa tambi\u00e9n presta atenci\u00f3n a la salud y seguridad de los trabajadores, motivo por el cual ha querido y obtenido firmemente la <b>certificaci\u00f3n ISO 45001<\/b>.<\/p>\t\t<\/div>\n\n\t\t\t\t\t\t<\/div>\n\t\t\t\t<\/div>\n\t\t\t\t<div class=\"elementor-element elementor-element-2d93690 elementor-widget elementor-widget-text-editor\" data-id=\"2d93690\" data-element_type=\"widget\" data-e-type=\"widget\" data-widget_type=\"text-editor.default\">\n\t\t\t\t\t\t\t\t\t<ul><li>CE MARK<\/li><li>AMERICAN QUALITY MARK<\/li><li>RUSSIAN EQUIPMENT MARK<\/li><li>IMO MARINE EQUIPMENT MARK<\/li><li>FRENCH QUALITY MARK<\/li><li>ENVIRONMENTAL QUALITY MARK<\/li><li>FSC<sup>\u00ae<\/sup> (FSC &#8211; C121201) &#8211; Solicite nuestros productos certificados FSC<sup>\u00ae<\/sup><\/li><\/ul>\t\t\t\t\t\t\t\t<\/div>\n\t\t\t\t<\/div>\n\t\t<div class=\"elementor-element elementor-element-2fa49e8 e-con-full e-flex e-con e-child\" data-id=\"2fa49e8\" data-element_type=\"container\" data-e-type=\"container\" data-settings=\"{&quot;background_background&quot;:&quot;classic&quot;}\">\n\t\t\t\t<\/div>\n\t\t\t\t\t<\/div>\n\t\t\t\t<\/div>\n\t\t<div class=\"elementor-element elementor-element-309d494 e-con-full e-flex e-con e-parent\" data-id=\"309d494\" data-element_type=\"container\" data-e-type=\"container\">\n\t\t<div class=\"elementor-element elementor-element-ecb3cac e-con-full e-flex e-con e-child\" data-id=\"ecb3cac\" data-element_type=\"container\" data-e-type=\"container\" data-settings=\"{&quot;background_background&quot;:&quot;classic&quot;}\">\n\t\t\t\t<div class=\"elementor-element elementor-element-56e9541 elementor-widget__width-initial elementor-widget-tablet__width-inherit elementor-widget elementor-widget-hub_fancy_heading\" data-id=\"56e9541\" data-element_type=\"widget\" data-e-type=\"widget\" data-widget_type=\"hub_fancy_heading.default\">\n\t\t\t\t<div class=\"elementor-widget-container\">\n\t\t\t\t\t\n\t\t<div id=\"ld-fancy-heading-69e8c1e6788fa\" class=\"ld-fancy-heading pos-rel\">\n\t\t\t<h2 class=\"ld-fh-element d-inline-block pos-rel  elementor-heading-title lqd-highlight-classic lqd-highlight-grow-left h2\"  > \u00bfQuieres experimentar la calidad de nuestro papel tapiz de primera mano?<\/h2>\t\t<\/div>\n\n\t\t\t\t\t\t<\/div>\n\t\t\t\t<\/div>\n\t\t\t\t<div class=\"elementor-element elementor-element-de30d91 link-hover elementor-widget elementor-widget-html\" data-id=\"de30d91\" data-element_type=\"widget\" data-e-type=\"widget\" data-widget_type=\"html.default\">\n\t\t\t\t\t<a class=\"bianco alegra link link--arrowed\" href=\"https:\/\/emilianaparati.com\/es\/hazte-partner\/#contatti\">Cont\u00e1ctenos\r\n    <svg xmlns=\"http:\/\/www.w3.org\/2000\/svg\" class=\"arrow-icon\" width=\"32\" height=\"32\" viewbox=\"0 0 32 32\">\r\n      <g fill=\"none\" stroke=\"#656565\" stroke-width=\"1.5\" stroke-linejoin=\"round\" stroke-miterlimit=\"10\">\r\n        <circle class=\"arrow-icon--circle\" cx=\"16\" cy=\"16\" r=\"15.12\"><\/circle>\r\n        <path class=\"arrow-icon--arrow\" d=\"M16.14 9.93L22.21 16l-6.07 6.07M8.23 16h13.98\"><\/path>\r\n      <\/g>\r\n    <\/svg><\/a>\t\t\t\t<\/div>\n\t\t\t\t<\/div>\n\t\t\t\t<\/div>\n\t\t\t\t<\/div>\n\t\t","protected":false},"excerpt":{"rendered":"<p>Home Certificaciones de papel pintado de Industrie Emiliana Parati La seguridad de los materiales, reconocida en todo el mundo Todos los productos est\u00e1n certificados CE en cumplimiento de la Dir. 89\/106\/CE siguiendo la norma de referencia EN 15102\/2007; est\u00e1n cualificados como \u00abA+\u00bb en relaci\u00f3n con la normativa francesa que regula los COV sobre las emisiones [&hellip;]<\/p>\n","protected":false},"author":1,"featured_media":0,"parent":0,"menu_order":0,"comment_status":"closed","ping_status":"closed","template":"","meta":{"jetpack_post_was_ever_published":false,"footnotes":""},"class_list":["post-30342","page","type-page","status-publish","hentry"],"jetpack_sharing_enabled":true,"_links":{"self":[{"href":"https:\/\/emilianaparati.com\/es\/wp-json\/wp\/v2\/pages\/30342","targetHints":{"allow":["GET"]}}],"collection":[{"href":"https:\/\/emilianaparati.com\/es\/wp-json\/wp\/v2\/pages"}],"about":[{"href":"https:\/\/emilianaparati.com\/es\/wp-json\/wp\/v2\/types\/page"}],"author":[{"embeddable":true,"href":"https:\/\/emilianaparati.com\/es\/wp-json\/wp\/v2\/users\/1"}],"replies":[{"embeddable":true,"href":"https:\/\/emilianaparati.com\/es\/wp-json\/wp\/v2\/comments?post=30342"}],"version-history":[{"count":0,"href":"https:\/\/emilianaparati.com\/es\/wp-json\/wp\/v2\/pages\/30342\/revisions"}],"wp:attachment":[{"href":"https:\/\/emilianaparati.com\/es\/wp-json\/wp\/v2\/media?parent=30342"}],"curies":[{"name":"wp","href":"https:\/\/api.w.org\/{rel}","templated":true}]}}