{"id":30328,"date":"2025-10-15T11:53:30","date_gmt":"2025-10-15T09:53:30","guid":{"rendered":"https:\/\/emilianaparati.com\/carte-da-parati\/db-style\/"},"modified":"2026-01-19T17:05:25","modified_gmt":"2026-01-19T16:05:25","slug":"db-style","status":"publish","type":"page","link":"https:\/\/emilianaparati.com\/fr\/papier-peint\/db-style\/","title":{"rendered":"DB Style"},"content":{"rendered":"\t\t<div data-elementor-type=\"wp-page\" data-elementor-id=\"30328\" class=\"elementor elementor-30328 elementor-13979\">\n\t\t\t\t<div class=\"elementor-element elementor-element-fce7f02 e-flex e-con-boxed e-con e-parent\" data-id=\"fce7f02\" data-element_type=\"container\" data-e-type=\"container\">\n\t\t\t\t\t<div class=\"e-con-inner\">\n\t\t<div class=\"elementor-element elementor-element-0081d22 e-con-full e-flex e-con e-child\" data-id=\"0081d22\" data-element_type=\"container\" data-e-type=\"container\" data-settings=\"{&quot;background_background&quot;:&quot;classic&quot;}\">\n\t\t\t\t<div class=\"elementor-element elementor-element-5ed737e elementor-widget elementor-widget-ld_breadcrumb\" data-id=\"5ed737e\" data-element_type=\"widget\" data-e-type=\"widget\" data-widget_type=\"ld_breadcrumb.default\">\n\t\t\t\t<div class=\"elementor-widget-container\">\n\t\t\t\t\t<div class=\"lqd-breadcrumb-wrapper\"><nav role=\"navigation\" aria-label=\"Breadcrumbs\" class=\"breadcrumbs\"><ol class=\"breadcrumb reset-ul inline-nav inline-ul comma-sep-li\"><li class=\"breadcrumb-item active\"><a href=\"https:\/\/emilianaparati.com\/fr\/\" rel=\"home\"><span>Home<\/span><\/a><\/li><\/ol><\/nav><\/div>\t\t\t\t<\/div>\n\t\t\t\t<\/div>\n\t\t\t\t<div class=\"elementor-element elementor-element-350c62b elementor-widget__width-initial elementor-widget elementor-widget-hub_fancy_heading\" data-id=\"350c62b\" data-element_type=\"widget\" data-e-type=\"widget\" data-widget_type=\"hub_fancy_heading.default\">\n\t\t\t\t<div class=\"elementor-widget-container\">\n\t\t\t\t\t\n\t\t<div id=\"ld-fancy-heading-69e1078332166\" class=\"ld-fancy-heading pos-rel\">\n\t\t\t<h2 class=\"ld-fh-element d-inline-block pos-rel  elementor-heading-title lqd-highlight-classic lqd-highlight-grow-left h2\"  > DB Style<\/h2>\t\t<\/div>\n\n\t\t\t\t\t\t<\/div>\n\t\t\t\t<\/div>\n\t\t\t\t<\/div>\n\t\t\t\t\t<\/div>\n\t\t\t\t<\/div>\n\t\t<div data-section-luminosity=\"dark\" class=\"elementor-element elementor-element-47382d8 e-flex e-con-boxed e-con e-child\" data-id=\"47382d8\" data-element_type=\"container\" data-e-type=\"container\">\n\t\t\t\t\t<div class=\"e-con-inner\">\n\t\t<div class=\"elementor-element elementor-element-b621765 e-con-full e-flex e-con e-child\" data-id=\"b621765\" data-element_type=\"container\" data-e-type=\"container\">\n\t\t\t\t<div class=\"elementor-element elementor-element-88544a0 elementor-widget__width-inherit elementor-widget elementor-widget-html\" data-id=\"88544a0\" data-element_type=\"widget\" data-e-type=\"widget\" data-widget_type=\"html.default\">\n\t\t\t\t\t<iframe width=\"100%\" height=\"100%\" src=\"https:\/\/www.youtube.com\/embed\/z-z3NhQfCt4?si=dtUa8HuLG-NSrJWS\" title=\"YouTube video player\" frameborder=\"0\" allow=\"accelerometer; autoplay; clipboard-write; encrypted-media; gyroscope; picture-in-picture; web-share\" referrerpolicy=\"strict-origin-when-cross-origin\" allowfullscreen><\/iframe>\t\t\t\t<\/div>\n\t\t\t\t<\/div>\n\t\t<div class=\"elementor-element elementor-element-b49d4c5 e-con-full e-flex e-con e-child\" data-id=\"b49d4c5\" data-element_type=\"container\" data-e-type=\"container\">\n\t\t\t\t<div class=\"elementor-element elementor-element-fcd1d2c elementor-widget elementor-widget-hub_fancy_heading\" data-id=\"fcd1d2c\" data-element_type=\"widget\" data-e-type=\"widget\" data-widget_type=\"hub_fancy_heading.default\">\n\t\t\t\t<div class=\"elementor-widget-container\">\n\t\t\t\t\t\n\t\t<div id=\"ld-fancy-heading-69e1078333971\" class=\"ld-fancy-heading pos-rel\">\n\t\t\t<h2 class=\"ld-fh-element d-inline-block pos-rel  elementor-heading-title lqd-highlight-classic lqd-highlight-grow-left h2\"  > <span class=\"alegra rosso-parati\">Voyager<\/span> avec son regard : papier peint pour raconter le monde<\/h2>\t\t<\/div>\n\n\t\t\t\t\t\t<\/div>\n\t\t\t\t<\/div>\n\t\t\t\t<div class=\"elementor-element elementor-element-401d861 elementor-widget elementor-widget-text-editor\" data-id=\"401d861\" data-element_type=\"widget\" data-e-type=\"widget\" data-widget_type=\"text-editor.default\">\n\t\t\t\t\t\t\t\t\t<p>Avec <strong>DB Style<\/strong>, nous insufflons \u00e0 nos murs notre passion pour l&rsquo;\u00e9vocation visuelle et le charme du voyage. Les collections DB Style sont con\u00e7ues pour celles et ceux qui souhaitent m\u00e9tamorphoser leurs espaces gr\u00e2ce \u00e0 des ambiances \u00e9vocatrices, des suggestions g\u00e9ographiques et des sc\u00e9narios qui stimulent l&rsquo;imagination.<\/p>\t\t\t\t\t\t\t\t<\/div>\n\t\t\t\t<div class=\"elementor-element elementor-element-40d1916 link-hover elementor-widget elementor-widget-html\" data-id=\"40d1916\" data-element_type=\"widget\" data-e-type=\"widget\" data-widget_type=\"html.default\">\n\t\t\t\t\t<a class=\"alegra centrato link link--arrowed\" href=\"\/fr\/papier-peint\/db-style\/voyage\">D\u00e9couvrez Voyage : la collection sign\u00e9e DB Style\r\n    <svg class=\"arrow-icon\" xmlns=\"http:\/\/www.w3.org\/2000\/svg\" width=\"32\" height=\"32\" viewBox=\"0 0 32 32\">\r\n      <g fill=\"none\" stroke=\"#656565\" stroke-width=\"1.5\" stroke-linejoin=\"round\" stroke-miterlimit=\"10\">\r\n        <circle class=\"arrow-icon--circle\" cx=\"16\" cy=\"16\" r=\"15.12\"><\/circle>\r\n        <path class=\"arrow-icon--arrow\" d=\"M16.14 9.93L22.21 16l-6.07 6.07M8.23 16h13.98\"><\/path>\r\n      <\/g>\r\n    <\/svg><\/a>\t\t\t\t<\/div>\n\t\t\t\t<\/div>\n\t\t\t\t\t<\/div>\n\t\t\t\t<\/div>\n\t\t<div class=\"elementor-element elementor-element-91c7c28 e-flex e-con-boxed e-con e-parent\" data-id=\"91c7c28\" data-element_type=\"container\" data-e-type=\"container\">\n\t\t\t\t\t<div class=\"e-con-inner\">\n\t\t<div class=\"elementor-element elementor-element-7aecf61 e-con-full e-flex e-con e-child\" data-id=\"7aecf61\" data-element_type=\"container\" data-e-type=\"container\" data-settings=\"{&quot;background_background&quot;:&quot;classic&quot;}\">\n\t\t<div class=\"elementor-element elementor-element-56f5ce1 e-con-full e-flex e-con e-child\" data-id=\"56f5ce1\" data-element_type=\"container\" data-e-type=\"container\">\n\t\t\t\t<div class=\"elementor-element elementor-element-fa6980d elementor-widget elementor-widget-hub_fancy_heading\" data-id=\"fa6980d\" data-element_type=\"widget\" data-e-type=\"widget\" data-widget_type=\"hub_fancy_heading.default\">\n\t\t\t\t<div class=\"elementor-widget-container\">\n\t\t\t\t\t\n\t\t<div id=\"ld-fancy-heading-69e1078336982\" class=\"ld-fancy-heading pos-rel\">\n\t\t\t<h3 class=\"ld-fh-element d-inline-block pos-rel  elementor-heading-title lqd-highlight-classic lqd-highlight-grow-left h3\"  > Les <span class=\"alegra rosso-parati\"> \u00e9l\u00e9ments distinctifs<\/span> des collections DB Style<\/h3>\t\t<\/div>\n\n\t\t\t\t\t\t<\/div>\n\t\t\t\t<\/div>\n\t\t\t\t<\/div>\n\t\t<div class=\"elementor-element elementor-element-9b26221 e-con-full e-flex e-con e-child\" data-id=\"9b26221\" data-element_type=\"container\" data-e-type=\"container\">\n\t\t\t\t<div class=\"elementor-element elementor-element-be4bfe7 elementor-widget elementor-widget-hub_fancy_heading\" data-id=\"be4bfe7\" data-element_type=\"widget\" data-e-type=\"widget\" data-widget_type=\"hub_fancy_heading.default\">\n\t\t\t\t<div class=\"elementor-widget-container\">\n\t\t\t\t\t\n\t\t<div id=\"ld-fancy-heading-69e10783381c7\" class=\"ld-fancy-heading pos-rel\">\n\t\t\t<h4 class=\"ld-fh-element d-inline-block pos-rel  elementor-heading-title lqd-highlight-classic lqd-highlight-grow-left h4\"  > Ambiances narratives<\/h4>\t\t<\/div>\n\n\t\t\t\t\t\t<\/div>\n\t\t\t\t<\/div>\n\t\t\t\t<div class=\"elementor-element elementor-element-bf7d5cf elementor-widget elementor-widget-hub_fancy_heading\" data-id=\"bf7d5cf\" data-element_type=\"widget\" data-e-type=\"widget\" data-widget_type=\"hub_fancy_heading.default\">\n\t\t\t\t<div class=\"elementor-widget-container\">\n\t\t\t\t\t\n\t\t<div id=\"ld-fancy-heading-69e10783399bf\" class=\"ld-fancy-heading pos-rel\">\n\t\t\t<p class=\"ld-fh-element d-inline-block pos-rel  lqd-highlight-classic lqd-highlight-grow-left p\"  > Chaque motif raconte une histoire : des paysages stylis\u00e9s, des textures qui \u00e9voquent des cartes, l'orient et des natures exotiques.<\/p>\t\t<\/div>\n\n\t\t\t\t\t\t<\/div>\n\t\t\t\t<\/div>\n\t\t\t\t<\/div>\n\t\t<div class=\"elementor-element elementor-element-64d4a9a e-con-full e-flex e-con e-child\" data-id=\"64d4a9a\" data-element_type=\"container\" data-e-type=\"container\">\n\t\t\t\t<div class=\"elementor-element elementor-element-cb01ff4 elementor-widget elementor-widget-hub_fancy_heading\" data-id=\"cb01ff4\" data-element_type=\"widget\" data-e-type=\"widget\" data-widget_type=\"hub_fancy_heading.default\">\n\t\t\t\t<div class=\"elementor-widget-container\">\n\t\t\t\t\t\n\t\t<div id=\"ld-fancy-heading-69e107833b1d0\" class=\"ld-fancy-heading pos-rel\">\n\t\t\t<h4 class=\"ld-fh-element d-inline-block pos-rel  elementor-heading-title lqd-highlight-classic lqd-highlight-grow-left h4\"  > \u00c9quilibre de la composition<\/h4>\t\t<\/div>\n\n\t\t\t\t\t\t<\/div>\n\t\t\t\t<\/div>\n\t\t\t\t<div class=\"elementor-element elementor-element-eda17c8 elementor-widget elementor-widget-hub_fancy_heading\" data-id=\"eda17c8\" data-element_type=\"widget\" data-e-type=\"widget\" data-widget_type=\"hub_fancy_heading.default\">\n\t\t\t\t<div class=\"elementor-widget-container\">\n\t\t\t\t\t\n\t\t<div id=\"ld-fancy-heading-69e107833c9bd\" class=\"ld-fancy-heading pos-rel\">\n\t\t\t<p class=\"ld-fh-element d-inline-block pos-rel  lqd-highlight-classic lqd-highlight-grow-left p\"  > Un \u00e9quilibre entre les \u00e9l\u00e9ments d\u00e9coratifs et l'harmonie visuelle, de sorte que le papier interagisse avec l'environnement sans le dominer.<\/p>\t\t<\/div>\n\n\t\t\t\t\t\t<\/div>\n\t\t\t\t<\/div>\n\t\t\t\t<\/div>\n\t\t<div class=\"elementor-element elementor-element-8c5cef1 e-con-full e-flex e-con e-child\" data-id=\"8c5cef1\" data-element_type=\"container\" data-e-type=\"container\">\n\t\t\t\t<div class=\"elementor-element elementor-element-159b2ce elementor-widget elementor-widget-hub_fancy_heading\" data-id=\"159b2ce\" data-element_type=\"widget\" data-e-type=\"widget\" data-widget_type=\"hub_fancy_heading.default\">\n\t\t\t\t<div class=\"elementor-widget-container\">\n\t\t\t\t\t\n\t\t<div id=\"ld-fancy-heading-69e107833e18f\" class=\"ld-fancy-heading pos-rel\">\n\t\t\t<h4 class=\"ld-fh-element d-inline-block pos-rel  elementor-heading-title lqd-highlight-classic lqd-highlight-grow-left h4\"  > Mat\u00e9rialit\u00e9 contr\u00f4l\u00e9e<\/h4>\t\t<\/div>\n\n\t\t\t\t\t\t<\/div>\n\t\t\t\t<\/div>\n\t\t\t\t<div class=\"elementor-element elementor-element-45100fb elementor-widget elementor-widget-hub_fancy_heading\" data-id=\"45100fb\" data-element_type=\"widget\" data-e-type=\"widget\" data-widget_type=\"hub_fancy_heading.default\">\n\t\t\t\t<div class=\"elementor-widget-container\">\n\t\t\t\t\t\n\t\t<div id=\"ld-fancy-heading-69e107833f9bf\" class=\"ld-fancy-heading pos-rel\">\n\t\t\t<p class=\"ld-fh-element d-inline-block pos-rel  lqd-highlight-classic lqd-highlight-grow-left p\"  > Surfaces aux textures d\u00e9licates, finitions mates ou l\u00e9g\u00e8rement brillantes, capables de donner de la profondeur sans exc\u00e8s.<\/p>\t\t<\/div>\n\n\t\t\t\t\t\t<\/div>\n\t\t\t\t<\/div>\n\t\t\t\t<\/div>\n\t\t\t\t<\/div>\n\t\t\t\t\t<\/div>\n\t\t\t\t<\/div>\n\t\t<div data-section-luminosity=\"dark\" class=\"elementor-element elementor-element-ec5db89 e-flex e-con-boxed e-con e-child\" data-id=\"ec5db89\" data-element_type=\"container\" data-e-type=\"container\">\n\t\t\t\t\t<div class=\"e-con-inner\">\n\t\t<div class=\"elementor-element elementor-element-1de65af e-con-full e-flex e-con e-child\" data-id=\"1de65af\" data-element_type=\"container\" data-e-type=\"container\">\n\t\t\t\t<div class=\"elementor-element elementor-element-c5cc1c5 elementor-widget elementor-widget-hub_fancy_heading\" data-id=\"c5cc1c5\" data-element_type=\"widget\" data-e-type=\"widget\" data-widget_type=\"hub_fancy_heading.default\">\n\t\t\t\t<div class=\"elementor-widget-container\">\n\t\t\t\t\t\n\t\t<div id=\"ld-fancy-heading-69e1078341192\" class=\"ld-fancy-heading pos-rel\">\n\t\t\t<h2 class=\"ld-fh-element d-inline-block pos-rel  elementor-heading-title lqd-highlight-classic lqd-highlight-grow-left h2\"  > Designer: Debora Benvenuti<\/h2>\t\t<\/div>\n\n\t\t\t\t\t\t<\/div>\n\t\t\t\t<\/div>\n\t\t\t\t<div class=\"elementor-element elementor-element-ab3966e elementor-widget elementor-widget-text-editor\" data-id=\"ab3966e\" data-element_type=\"widget\" data-e-type=\"widget\" data-widget_type=\"text-editor.default\">\n\t\t\t\t\t\t\t\t\t<p><strong>DB Style<\/strong> est n\u00e9 de l&rsquo;initiative de notre directrice artistique, <strong>Debora Benvenuti<\/strong>.<\/p><p>Sa direction cr\u00e9ative impr\u00e8gne chaque collection d&rsquo;une sensibilit\u00e9 artistique, d&rsquo;un souci du d\u00e9tail et d&rsquo;une capacit\u00e9 \u00e0 interpr\u00e9ter les tendances internationales en mati\u00e8re de design d&rsquo;int\u00e9rieur.<\/p><p>Gr\u00e2ce \u00e0 sa vision, nous transformons voyages, inspirations et influences culturelles en <strong>d\u00e9corations qui habillent les espaces avec personnalit\u00e9 et \u00e9l\u00e9gance.<\/strong><\/p>\t\t\t\t\t\t\t\t<\/div>\n\t\t\t\t<div class=\"elementor-element elementor-element-2ab430b link-hover elementor-widget elementor-widget-html\" data-id=\"2ab430b\" data-element_type=\"widget\" data-e-type=\"widget\" data-widget_type=\"html.default\">\n\t\t\t\t\t<a class=\"alegra centrato link link--arrowed\" href=\"\/fr\/papier-peint\/db-style\/voyage\">D\u00e9couvrez Voyage : la collection sign\u00e9e DB Style\r\n    <svg class=\"arrow-icon\" xmlns=\"http:\/\/www.w3.org\/2000\/svg\" width=\"32\" height=\"32\" viewBox=\"0 0 32 32\">\r\n      <g fill=\"none\" stroke=\"#656565\" stroke-width=\"1.5\" stroke-linejoin=\"round\" stroke-miterlimit=\"10\">\r\n        <circle class=\"arrow-icon--circle\" cx=\"16\" cy=\"16\" r=\"15.12\"><\/circle>\r\n        <path class=\"arrow-icon--arrow\" d=\"M16.14 9.93L22.21 16l-6.07 6.07M8.23 16h13.98\"><\/path>\r\n      <\/g>\r\n    <\/svg><\/a>\t\t\t\t<\/div>\n\t\t\t\t<\/div>\n\t\t<div class=\"elementor-element elementor-element-9578b68 e-con-full e-flex e-con e-child\" data-id=\"9578b68\" data-element_type=\"container\" data-e-type=\"container\">\n\t\t\t\t<div class=\"elementor-element elementor-element-de1c5be elementor-widget elementor-widget-ld_fancy_image\" data-id=\"de1c5be\" data-element_type=\"widget\" data-e-type=\"widget\" data-widget_type=\"ld_fancy_image.default\">\n\t\t\t\t<div class=\"elementor-widget-container\">\n\t\t\t\t\t\n\t\t<div class=\"lqd-imggrp-single d-block pos-rel \">\n\t\t\t<div class=\"lqd-imggrp-img-container d-inline-flex pos-rel align-items-center justify-content-center \">\n\t\t\t\t\t\t\t\t<figure class=\"w-100 pos-rel\">\n\t\t\t\t\t<img fetchpriority=\"high\" decoding=\"async\" width=\"1344\" height=\"911\" src=\"https:\/\/emilianaparati.com\/wp-content\/uploads\/2025\/10\/Progetto-senza-titolo-5.jpg\" class=\"attachment-full size-full wp-image-27335\" alt=\"\" srcset=\"https:\/\/emilianaparati.com\/wp-content\/uploads\/2025\/10\/Progetto-senza-titolo-5.jpg 1344w, https:\/\/emilianaparati.com\/wp-content\/uploads\/2025\/10\/Progetto-senza-titolo-5-300x203.jpg 300w, https:\/\/emilianaparati.com\/wp-content\/uploads\/2025\/10\/Progetto-senza-titolo-5-1024x694.jpg 1024w\" sizes=\"(max-width: 1344px) 100vw, 1344px\" data-attachment-id=\"27335\" data-permalink=\"https:\/\/emilianaparati.com\/carte-da-parati\/db-style\/attachment\/progetto-senza-titolo-5\/\" data-orig-file=\"https:\/\/emilianaparati.com\/wp-content\/uploads\/2025\/10\/Progetto-senza-titolo-5.jpg\" data-orig-size=\"1344,911\" data-comments-opened=\"1\" data-image-meta=\"{&quot;aperture&quot;:&quot;0&quot;,&quot;credit&quot;:&quot;&quot;,&quot;camera&quot;:&quot;&quot;,&quot;caption&quot;:&quot;&quot;,&quot;created_timestamp&quot;:&quot;0&quot;,&quot;copyright&quot;:&quot;&quot;,&quot;focal_length&quot;:&quot;0&quot;,&quot;iso&quot;:&quot;0&quot;,&quot;shutter_speed&quot;:&quot;0&quot;,&quot;title&quot;:&quot;&quot;,&quot;orientation&quot;:&quot;1&quot;}\" data-image-title=\"Debora Benvenuti\" data-image-description=\"\" data-image-caption=\"\" data-large-file=\"https:\/\/emilianaparati.com\/wp-content\/uploads\/2025\/10\/Progetto-senza-titolo-5-1024x694.jpg\" itemprop=\"image\">\t\t\t\t\t\t\t\t\t\t\t\t\t\t\t\t\t\t\t\t\t\t\t\t\t\t\t\t\t<\/figure>\n\t\t\t<\/div>\n\t\t<\/div>\n\n\t\t\t\t\t<\/div>\n\t\t\t\t<\/div>\n\t\t\t\t<\/div>\n\t\t\t\t\t<\/div>\n\t\t\t\t<\/div>\n\t\t<div class=\"elementor-element elementor-element-309d494 e-con-full e-flex e-con e-parent\" data-id=\"309d494\" data-element_type=\"container\" data-e-type=\"container\">\n\t\t<div class=\"elementor-element elementor-element-ecb3cac e-con-full e-flex e-con e-child\" data-id=\"ecb3cac\" data-element_type=\"container\" data-e-type=\"container\" data-settings=\"{&quot;background_background&quot;:&quot;classic&quot;}\">\n\t\t\t\t<div class=\"elementor-element elementor-element-56e9541 elementor-widget__width-initial elementor-widget-tablet__width-inherit elementor-widget elementor-widget-hub_fancy_heading\" data-id=\"56e9541\" data-element_type=\"widget\" data-e-type=\"widget\" data-widget_type=\"hub_fancy_heading.default\">\n\t\t\t\t<div class=\"elementor-widget-container\">\n\t\t\t\t\t\n\t\t<div id=\"ld-fancy-heading-69e10783495c6\" class=\"ld-fancy-heading pos-rel\">\n\t\t\t<h2 class=\"ld-fh-element d-inline-block pos-rel  elementor-heading-title lqd-highlight-classic lqd-highlight-grow-left h2\"  > Apportez des petits coins du monde aux murs des plus belles chambres d'h\u00f4tel avec DB Style.<\/h2>\t\t<\/div>\n\n\t\t\t\t\t\t<\/div>\n\t\t\t\t<\/div>\n\t\t\t\t<div class=\"elementor-element elementor-element-de30d91 link-hover elementor-widget elementor-widget-html\" data-id=\"de30d91\" data-element_type=\"widget\" data-e-type=\"widget\" data-widget_type=\"html.default\">\n\t\t\t\t\t<a class=\"bianco alegra link link--arrowed\" href=\"\/fr\/devenir-partenaire\/\">Distribuer les produits Emiliana Parati\r\n    <svg class=\"arrow-icon\" xmlns=\"http:\/\/www.w3.org\/2000\/svg\" width=\"32\" height=\"32\" viewBox=\"0 0 32 32\">\r\n      <g fill=\"none\" stroke=\"#656565\" stroke-width=\"1.5\" stroke-linejoin=\"round\" stroke-miterlimit=\"10\">\r\n        <circle class=\"arrow-icon--circle\" cx=\"16\" cy=\"16\" r=\"15.12\"><\/circle>\r\n        <path class=\"arrow-icon--arrow\" d=\"M16.14 9.93L22.21 16l-6.07 6.07M8.23 16h13.98\"><\/path>\r\n      <\/g>\r\n    <\/svg><\/a>\t\t\t\t<\/div>\n\t\t\t\t<\/div>\n\t\t\t\t<\/div>\n\t\t\t\t<\/div>\n\t\t","protected":false},"excerpt":{"rendered":"<p>Home DB Style Voyager avec son regard : papier peint pour raconter le monde Avec DB Style, nous insufflons \u00e0 nos murs notre passion pour l&rsquo;\u00e9vocation visuelle et le charme du voyage. Les collections DB Style sont con\u00e7ues pour celles et ceux qui souhaitent m\u00e9tamorphoser leurs espaces gr\u00e2ce \u00e0 des ambiances \u00e9vocatrices, des suggestions g\u00e9ographiques [&hellip;]<\/p>\n","protected":false},"author":1,"featured_media":0,"parent":30322,"menu_order":0,"comment_status":"closed","ping_status":"closed","template":"","meta":{"jetpack_post_was_ever_published":false,"footnotes":""},"class_list":["post-30328","page","type-page","status-publish","hentry"],"jetpack_sharing_enabled":true,"_links":{"self":[{"href":"https:\/\/emilianaparati.com\/fr\/wp-json\/wp\/v2\/pages\/30328","targetHints":{"allow":["GET"]}}],"collection":[{"href":"https:\/\/emilianaparati.com\/fr\/wp-json\/wp\/v2\/pages"}],"about":[{"href":"https:\/\/emilianaparati.com\/fr\/wp-json\/wp\/v2\/types\/page"}],"author":[{"embeddable":true,"href":"https:\/\/emilianaparati.com\/fr\/wp-json\/wp\/v2\/users\/1"}],"replies":[{"embeddable":true,"href":"https:\/\/emilianaparati.com\/fr\/wp-json\/wp\/v2\/comments?post=30328"}],"version-history":[{"count":0,"href":"https:\/\/emilianaparati.com\/fr\/wp-json\/wp\/v2\/pages\/30328\/revisions"}],"up":[{"embeddable":true,"href":"https:\/\/emilianaparati.com\/fr\/wp-json\/wp\/v2\/pages\/30322"}],"wp:attachment":[{"href":"https:\/\/emilianaparati.com\/fr\/wp-json\/wp\/v2\/media?parent=30328"}],"curies":[{"name":"wp","href":"https:\/\/api.w.org\/{rel}","templated":true}]}}