{"id":30340,"date":"2025-10-14T12:07:00","date_gmt":"2025-10-14T10:07:00","guid":{"rendered":"https:\/\/emilianaparati.com\/certificazioni\/"},"modified":"2026-02-26T11:06:01","modified_gmt":"2026-02-26T10:06:01","slug":"certifications","status":"publish","type":"page","link":"https:\/\/emilianaparati.com\/fr\/certifications\/","title":{"rendered":"Certifications"},"content":{"rendered":"\t\t<div data-elementor-type=\"wp-page\" data-elementor-id=\"30340\" class=\"elementor elementor-30340 elementor-13864\">\n\t\t\t\t<div class=\"elementor-element elementor-element-fce7f02 e-flex e-con-boxed e-con e-parent\" data-id=\"fce7f02\" data-element_type=\"container\" data-e-type=\"container\">\n\t\t\t\t\t<div class=\"e-con-inner\">\n\t\t<div class=\"elementor-element elementor-element-0081d22 e-con-full e-flex e-con e-child\" data-id=\"0081d22\" data-element_type=\"container\" data-e-type=\"container\" data-settings=\"{&quot;background_background&quot;:&quot;classic&quot;}\">\n\t\t\t\t<div class=\"elementor-element elementor-element-5ed737e elementor-widget elementor-widget-ld_breadcrumb\" data-id=\"5ed737e\" data-element_type=\"widget\" data-e-type=\"widget\" data-widget_type=\"ld_breadcrumb.default\">\n\t\t\t\t<div class=\"elementor-widget-container\">\n\t\t\t\t\t<div class=\"lqd-breadcrumb-wrapper\"><nav role=\"navigation\" aria-label=\"Breadcrumbs\" class=\"breadcrumbs\"><ol class=\"breadcrumb reset-ul inline-nav inline-ul comma-sep-li\"><li class=\"breadcrumb-item active\"><a href=\"https:\/\/emilianaparati.com\/fr\/\" rel=\"home\"><span>Home<\/span><\/a><\/li><\/ol><\/nav><\/div>\t\t\t\t<\/div>\n\t\t\t\t<\/div>\n\t\t\t\t<div class=\"elementor-element elementor-element-350c62b elementor-widget__width-initial elementor-widget elementor-widget-hub_fancy_heading\" data-id=\"350c62b\" data-element_type=\"widget\" data-e-type=\"widget\" data-widget_type=\"hub_fancy_heading.default\">\n\t\t\t\t<div class=\"elementor-widget-container\">\n\t\t\t\t\t\n\t\t<div id=\"ld-fancy-heading-69e36b6e22fd7\" class=\"ld-fancy-heading pos-rel\">\n\t\t\t<h2 class=\"ld-fh-element d-inline-block pos-rel  elementor-heading-title lqd-highlight-classic lqd-highlight-grow-left h2\"  > Les certifications du papier peint Industrie Emiliana Parati<\/h2>\t\t<\/div>\n\n\t\t\t\t\t\t<\/div>\n\t\t\t\t<\/div>\n\t\t\t\t<\/div>\n\t\t\t\t\t<\/div>\n\t\t\t\t<\/div>\n\t\t<div class=\"elementor-element elementor-element-165e0df e-flex e-con-boxed e-con e-child\" data-id=\"165e0df\" data-element_type=\"container\" data-e-type=\"container\">\n\t\t\t\t\t<div class=\"e-con-inner\">\n\t\t<div class=\"elementor-element elementor-element-c6c5e04 e-con-full e-flex e-con e-child\" data-id=\"c6c5e04\" data-element_type=\"container\" data-e-type=\"container\">\n\t\t\t\t<div class=\"elementor-element elementor-element-700ff47 elementor-widget elementor-widget-hub_fancy_heading\" data-id=\"700ff47\" data-element_type=\"widget\" data-e-type=\"widget\" data-widget_type=\"hub_fancy_heading.default\">\n\t\t\t\t<div class=\"elementor-widget-container\">\n\t\t\t\t\t\n\t\t<div id=\"ld-fancy-heading-69e36b6e23d43\" class=\"ld-fancy-heading pos-rel\">\n\t\t\t<h2 class=\"ld-fh-element d-inline-block pos-rel  elementor-heading-title lqd-highlight-classic lqd-highlight-grow-left h2\"  > La s\u00e9curit\u00e9 des <span class=\"alegra rosso-parati\">mat\u00e9riaux<\/span>, reconnue dans le monde entier<\/h2>\t\t<\/div>\n\n\t\t\t\t\t\t<\/div>\n\t\t\t\t<\/div>\n\t\t\t\t<div class=\"elementor-element elementor-element-040446e elementor-widget__width-initial elementor-widget elementor-widget-hub_fancy_heading\" data-id=\"040446e\" data-element_type=\"widget\" data-e-type=\"widget\" data-widget_type=\"hub_fancy_heading.default\">\n\t\t\t\t<div class=\"elementor-widget-container\">\n\t\t\t\t\t\n\t\t<div id=\"ld-fancy-heading-69e36b6e24848\" class=\"ld-fancy-heading pos-rel\">\n\t\t\t<p class=\"ld-fh-element d-inline-block pos-rel  lqd-highlight-classic lqd-highlight-grow-left p\"  > Tous les produits sont <b>certifi\u00e9s CE<\/b> conform\u00e9ment \u00e0 la directive 89\/106\/CE suivant la norme de r\u00e9f\u00e9rence EN 15102\/2007 ; ils sont <b>qualifi\u00e9s \u00ab A+ \u00bb<\/b> en relation avec la r\u00e9glementation fran\u00e7aise qui r\u00e9git les <b>COV concernant les \u00e9missions dans les environnements<\/b> et respectent les prescriptions de la <b>r\u00e9glementation russe GOST<\/b>.<br><br>\nNotre entreprise op\u00e8re dans le respect de l'environnement, en privil\u00e9giant l'utilisation de mat\u00e9riaux non polluants et non nocifs pour la sant\u00e9 humaine, tels que (\u00e0 titre d'exemple) les encres \u00e0 base d'eau, aussi bien pour l'impression h\u00e9liogravure que pour l'impression num\u00e9rique.\nNotre entreprise est \u00e9galement attentive \u00e0 la sant\u00e9 et \u00e0 la s\u00e9curit\u00e9 des travailleurs, raison pour laquelle elle a fortement souhait\u00e9 et obtenu la <b>certification ISO 45001<\/b>.<\/p>\t\t<\/div>\n\n\t\t\t\t\t\t<\/div>\n\t\t\t\t<\/div>\n\t\t\t\t<div class=\"elementor-element elementor-element-2d93690 elementor-widget elementor-widget-text-editor\" data-id=\"2d93690\" data-element_type=\"widget\" data-e-type=\"widget\" data-widget_type=\"text-editor.default\">\n\t\t\t\t\t\t\t\t\t<ul><li>MARQUAGE CE<\/li><li>LABEL DE QUALIT\u00c9 AM\u00c9RICAIN<\/li><li>LABEL D\u2019\u00c9QUIPEMENT RUSSE<\/li><li>MARQUAGE \u00c9QUIPEMENT MARIN IMO<\/li><li>LABEL DE QUALIT\u00c9 FRAN\u00c7AIS<\/li><li>LABEL DE QUALIT\u00c9 ENVIRONNEMENTALE<\/li><li>FSC<sup>\u00ae<\/sup> (FSC &#8211; C121201) &#8211; Demandez nos produits certifi\u00e9s FSC<sup>\u00ae<\/sup><\/li><\/ul>\t\t\t\t\t\t\t\t<\/div>\n\t\t\t\t<\/div>\n\t\t<div class=\"elementor-element elementor-element-2fa49e8 e-con-full e-flex e-con e-child\" data-id=\"2fa49e8\" data-element_type=\"container\" data-e-type=\"container\" data-settings=\"{&quot;background_background&quot;:&quot;classic&quot;}\">\n\t\t\t\t<\/div>\n\t\t\t\t\t<\/div>\n\t\t\t\t<\/div>\n\t\t<div class=\"elementor-element elementor-element-309d494 e-con-full e-flex e-con e-parent\" data-id=\"309d494\" data-element_type=\"container\" data-e-type=\"container\">\n\t\t<div class=\"elementor-element elementor-element-ecb3cac e-con-full e-flex e-con e-child\" data-id=\"ecb3cac\" data-element_type=\"container\" data-e-type=\"container\" data-settings=\"{&quot;background_background&quot;:&quot;classic&quot;}\">\n\t\t\t\t<div class=\"elementor-element elementor-element-56e9541 elementor-widget__width-initial elementor-widget-tablet__width-inherit elementor-widget elementor-widget-hub_fancy_heading\" data-id=\"56e9541\" data-element_type=\"widget\" data-e-type=\"widget\" data-widget_type=\"hub_fancy_heading.default\">\n\t\t\t\t<div class=\"elementor-widget-container\">\n\t\t\t\t\t\n\t\t<div id=\"ld-fancy-heading-69e36b6e2830c\" class=\"ld-fancy-heading pos-rel\">\n\t\t\t<h2 class=\"ld-fh-element d-inline-block pos-rel  elementor-heading-title lqd-highlight-classic lqd-highlight-grow-left h2\"  > Souhaitez-vous toucher de pr\u00e8s la qualit\u00e9 de notre papier peint ?<\/h2>\t\t<\/div>\n\n\t\t\t\t\t\t<\/div>\n\t\t\t\t<\/div>\n\t\t\t\t<div class=\"elementor-element elementor-element-de30d91 link-hover elementor-widget elementor-widget-html\" data-id=\"de30d91\" data-element_type=\"widget\" data-e-type=\"widget\" data-widget_type=\"html.default\">\n\t\t\t\t\t<a class=\"bianco alegra link link--arrowed\" href=\"https:\/\/emilianaparati.com\/fr\/devenir-partenaire\/#contatti\">Contactez-nous\r\n    <svg xmlns=\"http:\/\/www.w3.org\/2000\/svg\" class=\"arrow-icon\" width=\"32\" height=\"32\" viewbox=\"0 0 32 32\">\r\n      <g fill=\"none\" stroke=\"#656565\" stroke-width=\"1.5\" stroke-linejoin=\"round\" stroke-miterlimit=\"10\">\r\n        <circle class=\"arrow-icon--circle\" cx=\"16\" cy=\"16\" r=\"15.12\"><\/circle>\r\n        <path class=\"arrow-icon--arrow\" d=\"M16.14 9.93L22.21 16l-6.07 6.07M8.23 16h13.98\"><\/path>\r\n      <\/g>\r\n    <\/svg><\/a>\t\t\t\t<\/div>\n\t\t\t\t<\/div>\n\t\t\t\t<\/div>\n\t\t\t\t<\/div>\n\t\t","protected":false},"excerpt":{"rendered":"<p>Home Les certifications du papier peint Industrie Emiliana Parati La s\u00e9curit\u00e9 des mat\u00e9riaux, reconnue dans le monde entier Tous les produits sont certifi\u00e9s CE conform\u00e9ment \u00e0 la directive 89\/106\/CE suivant la norme de r\u00e9f\u00e9rence EN 15102\/2007 ; ils sont qualifi\u00e9s \u00ab A+ \u00bb en relation avec la r\u00e9glementation fran\u00e7aise qui r\u00e9git les COV concernant les [&hellip;]<\/p>\n","protected":false},"author":1,"featured_media":0,"parent":0,"menu_order":0,"comment_status":"closed","ping_status":"closed","template":"","meta":{"jetpack_post_was_ever_published":false,"footnotes":""},"class_list":["post-30340","page","type-page","status-publish","hentry"],"jetpack_sharing_enabled":true,"_links":{"self":[{"href":"https:\/\/emilianaparati.com\/fr\/wp-json\/wp\/v2\/pages\/30340","targetHints":{"allow":["GET"]}}],"collection":[{"href":"https:\/\/emilianaparati.com\/fr\/wp-json\/wp\/v2\/pages"}],"about":[{"href":"https:\/\/emilianaparati.com\/fr\/wp-json\/wp\/v2\/types\/page"}],"author":[{"embeddable":true,"href":"https:\/\/emilianaparati.com\/fr\/wp-json\/wp\/v2\/users\/1"}],"replies":[{"embeddable":true,"href":"https:\/\/emilianaparati.com\/fr\/wp-json\/wp\/v2\/comments?post=30340"}],"version-history":[{"count":0,"href":"https:\/\/emilianaparati.com\/fr\/wp-json\/wp\/v2\/pages\/30340\/revisions"}],"wp:attachment":[{"href":"https:\/\/emilianaparati.com\/fr\/wp-json\/wp\/v2\/media?parent=30340"}],"curies":[{"name":"wp","href":"https:\/\/api.w.org\/{rel}","templated":true}]}}